{"id":167,"date":"2020-12-26T14:29:19","date_gmt":"2020-12-26T13:29:19","guid":{"rendered":"http:\/\/hostileterrain94.klapperfeld.de\/?page_id=167"},"modified":"2021-09-20T22:15:15","modified_gmt":"2021-09-20T20:15:15","slug":"events","status":"publish","type":"page","link":"https:\/\/hostileterrain94.klapperfeld.de\/en\/events\/","title":{"rendered":"Events"},"content":{"rendered":"<p>[et_pb_section fb_built=&#8221;1&#8243; fullwidth=&#8221;on&#8221; _builder_version=&#8221;4.7.7&#8243; _module_preset=&#8221;default&#8221; global_colors_info=&#8221;{}&#8221;][et_pb_fullwidth_header text_orientation=&#8221;center&#8221; _builder_version=&#8221;4.7.7&#8243; _module_preset=&#8221;default&#8221; background_image=&#8221;http:\/\/hostileterrain94.klapperfeld.de\/wp-content\/uploads\/2020\/12\/tags-foto-2.jpg&#8221; parallax=&#8221;on&#8221; parallax_method=&#8221;on&#8221; min_height=&#8221;500px&#8221; min_height_tablet=&#8221;300px&#8221; min_height_phone=&#8221;200px&#8221; min_height_last_edited=&#8221;on|phone&#8221; global_colors_info=&#8221;{}&#8221;][\/et_pb_fullwidth_header][\/et_pb_section][et_pb_section fb_built=&#8221;1&#8243; _builder_version=&#8221;4.7.7&#8243; _module_preset=&#8221;default&#8221; global_colors_info=&#8221;{}&#8221;][et_pb_row _builder_version=&#8221;4.7.7&#8243; _module_preset=&#8221;default&#8221; global_colors_info=&#8221;{}&#8221;][et_pb_column type=&#8221;4_4&#8243; _builder_version=&#8221;4.7.7&#8243; _module_preset=&#8221;default&#8221; global_colors_info=&#8221;{}&#8221;][et_pb_text _builder_version=&#8221;4.7.7&#8243; _module_preset=&#8221;default&#8221; global_colors_info=&#8221;{}&#8221;]<\/p>\n<h1><span>Events<\/span><\/h1>\n<p>&nbsp;<\/p>\n<p>[\/et_pb_text][et_pb_text _builder_version=&#8221;4.10.5&#8243; _module_preset=&#8221;default&#8221; global_colors_info=&#8221;{}&#8221;]<\/p>\n<h6>Saturday, Septmber 11, 2021, 3pm \u2013 7pm CET, Klapperfeld<\/h6>\n<h2><strong>Exhibition<\/strong><strong> opening<br \/><\/strong><\/h2>\n<p><a href=\"https:\/\/hostileterrain94.klapperfeld.de\/wp-content\/uploads\/2021\/09\/Pressemitteilung_20210908.pdf\" target=\"_blank\" rel=\"noopener\"><strong>Press release on the exhibition opening as PDF. (Language: German)<\/strong><\/a><strong><\/strong><strong><\/strong><strong><\/strong><\/p>\n<p>[\/et_pb_text][et_pb_divider _builder_version=&#8221;4.10.5&#8243; _module_preset=&#8221;default&#8221; custom_margin=&#8221;50px||30px||false|false&#8221; global_colors_info=&#8221;{}&#8221;][\/et_pb_divider][et_pb_text _builder_version=&#8221;4.10.5&#8243; _module_preset=&#8221;default&#8221; hover_enabled=&#8221;0&#8243; global_colors_info=&#8221;{}&#8221; sticky_enabled=&#8221;0&#8243;]<\/p>\n<h6>Friday, Septmber 10, 2021, 6pm CET (Language: English)<\/h6>\n<h2><strong>Afghanistan after the Collapse: Forced Migration, Borders &amp; Transnational Solidarity<\/strong><\/h2>\n<p><strong>With Cavidan Soykan (University of Osnabr\u00fcck) and Abdul Ghafoor (Afghanistan Migrants Advice and Support Organization)<\/strong><\/p>\n<p><strong>Moderation: HT94FFM-Team<\/strong><\/p>\n<p>Afghanistan is on everyone&#8217;s lips after the takeover by the Taliban. This workshop discusses the situation not only in the country but also the question of migration, border politics and national discourses on (long-term) migration from Afghanistan to countries in the region. Our speakers will pay attention to the situation of Afghan migrants, deported, returned or stuck at the borders or in neighboring countries, and the situation of Afghan activists involved in migrant solidarity work after the Taliban takeover. They will also address the German\/Turkish discourses prompted by the &#8220;fear of Afghan refugees&#8221; seeking exodus from the country. Moreover, they will dwell on gender speeches triggered by this takeover and how Afghan women and children are particularly affected and address networks of transnational solidarity and their work and possibilities in the current situation.<strong><\/strong><strong><\/strong><\/p>\n<p>[\/et_pb_text][et_pb_video src=&#8221;\/wp-content\/uploads\/videos\/ht94-2021-09-10.mp4&#8243; image_src=&#8221;\/wp-content\/uploads\/videos\/ht94-2021-09-10.jpg&#8221; _builder_version=&#8221;4.10.5&#8243; _module_preset=&#8221;default&#8221; hover_enabled=&#8221;0&#8243; global_colors_info=&#8221;{}&#8221; sticky_enabled=&#8221;0&#8243;][\/et_pb_video][et_pb_divider _builder_version=&#8221;4.10.5&#8243; _module_preset=&#8221;default&#8221; custom_margin=&#8221;50px||30px||false|false&#8221; global_colors_info=&#8221;{}&#8221;][\/et_pb_divider][et_pb_text _builder_version=&#8221;4.9.9&#8243; _module_preset=&#8221;default&#8221; global_colors_info=&#8221;{}&#8221;]<\/p>\n<h6>Sunday, July 25, 7PM CET, Filmforum H\u00f6chst (Language: English)<\/h6>\n<h2>Public Film Screening: \u00bbBorder South\u00ab &amp; \u00bbBag Mohajer\u00ab<\/h2>\n<p><strong>Venue info: <a href=\"https:\/\/www.filmforum-h\u00f6chst.com\/index.html\">Filmforum H\u00f6chst<\/a><br \/><\/strong><\/p>\n<p><span>The film evening in cooperation with the \u203aKlapperfeld\u2039 and the exhibition \u203aHostile Terrain 94\u2039 will be a political one: The films BAG MOHAJER &amp; BORDER SOUTH deal with refugee experiences at the Mexican border and in the shelter for refugees on Lesbos. Our experiment this evening will be the joint conversation with the filmmakers directly in the cinema and via Zoom from the USA.<\/span><\/p>\n<h5><strong>Bag Mohajer<\/strong><\/h5>\n<p><span>The documentary tells the story of Hakim, Mansour and Morteza and their project \u00bbBag Mohajer &#8211; Bag of the Refugee\u00ab. They tailor bags from the boats and life jackets stranded on the Greek island of Lesbos. Bag production is a way for them to tell their story and to carry a part of their refugee experience to places where they themselves are not allowed to travel. For they, too, have dared to make the dangerous journey to Europe in rubber dinghies. The film lets them tell about the bag production and their life stories and also portrays the work of the project.<\/span><\/p>\n<p><strong>Movie-Website: <a href=\"https:\/\/adrian-oeser.net\/film\/bag-mohajer\" target=\"_blank\" rel=\"noopener\"><em>Bag Mojajer<\/em><\/a><\/strong><\/p>\n<h5><strong>Border south<\/strong><\/h5>\n<p><span>Mexico and the United States force immigrants into more dangerous areas as they close off the routes of border crossing. Set against the backdrop of the North American migrant trail, BORDER SOUTH composes stories of resilience and survival from multiple perspectives. The film reveals a global migration system that renders people invisible in both life and death.<\/span><strong><\/strong><\/p>\n<p><strong>Movie-Website: <em><a href=\"https:\/\/bordersouthfilm.com\/team\/\" target=\"_blank\" rel=\"noopener\">Border south<\/a><\/em><\/strong><\/p>\n<p><strong><em><\/em><\/strong><\/p>\n<p>[\/et_pb_text][et_pb_divider _builder_version=&#8221;4.9.9&#8243; _module_preset=&#8221;default&#8221; custom_margin=&#8221;50px||30px||false|false&#8221; global_colors_info=&#8221;{}&#8221;][\/et_pb_divider][et_pb_text _builder_version=&#8221;4.7.7&#8243; _module_preset=&#8221;default&#8221; global_colors_info=&#8221;{}&#8221;]<\/p>\n<h6>March 18, 2021, 7pm CET (Language: English)<\/h6>\n<h2><strong>Online Roundtable: Deadly Borders and Activist Interventions in the European Migration Space<br \/><\/strong><\/h2>\n<p><strong>Online Roundtable with Natalie Gruber (Border Violence Monitoring Network), Charles Heller (Forensic Oceanography) &amp; Jacob Berkson (Alarm Phone)<\/strong><\/p>\n<p><strong> Moderator: Valeria H\u00e4nsel (Border Monitoring Aegean)<\/strong><\/p>\n<p>The so-called &#8216;Refugee Crisis&#8217; of 2015 turned European borders into closely surveilled zones, where, simultaneously, the migrants&#8217; right to move freely has been restricted and violated. Pushbacks in the Mediterranean Sea and at borders across the EU-Turkey migration space caused humiliation, physical injuries, and even death of thousands of migrants in recent years. Activists problematize the presence of migrant search and rescue agencies in the migration space, failing to intervene and save lives; but they also went further by introducing their own investigations, search-and-rescue actions and political campaigns. In this event, our speakers will talk about what they understand by activism and intervention targeting the border violence across and at the peripheries of Europe. They will also address questions such as how to deploy the visual analysis and mapping in the investigation of migrant deaths, how to collaborate with other activists and in what ways different activists may communicate with each other and increase the impact of strategic action against the (in)action of state agencies.<\/p>\n<p>[\/et_pb_text][et_pb_video src=&#8221;\/wp-content\/uploads\/videos\/ht94-2021-03-18.mp4&#8243; image_src=&#8221;\/wp-content\/uploads\/videos\/ht94-2021-03-18.jpg&#8221; _builder_version=&#8221;4.9.9&#8243; _module_preset=&#8221;default&#8221; global_colors_info=&#8221;{}&#8221;][\/et_pb_video][et_pb_divider _builder_version=&#8221;4.9.9&#8243; _module_preset=&#8221;default&#8221; custom_margin=&#8221;50px||30px||false|false&#8221; global_colors_info=&#8221;{}&#8221;][\/et_pb_divider][et_pb_text _builder_version=&#8221;4.9.9&#8243; _module_preset=&#8221;default&#8221; global_colors_info=&#8221;{}&#8221;]<\/p>\n<p>Youtube-Link: <a href=\"https:\/\/youtu.be\/8S3bFmQHI40\" target=\"_blank\" rel=\"noopener\">youtu.be\/8S3bFmQHI40<\/a><\/p>\n<p>[\/et_pb_text][et_pb_text _builder_version=&#8221;4.7.7&#8243; _module_preset=&#8221;default&#8221; global_colors_info=&#8221;{}&#8221;]<\/p>\n<h6>March 9, 2021, at 6pm CET (Language: English)<\/h6>\n<h2>Online Roundtable: <strong><\/strong><strong>from Afghanistan, Iran &amp; Turkey. Meeting the \u00bbHostile Terrain 94 Frankfurt\u00ab contributors.\u00a0 <\/strong><\/h2>\n<p><strong>Online Roundtable with presentations by Ali Sadeqi (artist, Iran); Kemal Vural Tarlan (documentary photographer, Turkey), and Morteza Rezai (graphic designer &amp; artist, Iran)<\/strong><\/p>\n<p><strong>Further discussants: Mostafa Mazari (photographer, Iran) Reza Heidari Shahbidak (photographer, Afghanistan)<\/strong><\/p>\n<p><strong>Moderator: Hilal Alkan (Leibniz-Zentrum Moderner Orient, ZMO)<\/strong><\/p>\n<p>How are border politics in the Middle East captured by different aesthetics? This online roundtable brings together artists from Afghanistan, Iran and Turkey who contribute to the &#8220;Hostile Terrain 94 Frankfurt&#8221; show. The presenters, living in the border regions, reflect on the consequences of geopolitical border regimes on countries, communities and personal lives. In their works, they have intensely and creatively visualized borderlands, border crossers, from people fleeing war to nomadic populations, and how conflict and shifting regimes produce im\/mobilities. The roundtable will reflect how their work relates to the border realities and the various approaches, genres, and styles they apply and develop in their art pieces and documentaries. Art is not just representation but rather an active form of engagement and can serve as a form of resistance and intervention to these border realities.<\/p>\n<p>[\/et_pb_text][et_pb_image src=&#8221;\/wp-content\/uploads\/videos\/ht94-2021-03-09.jpg&#8221; _builder_version=&#8221;4.9.9&#8243; _module_preset=&#8221;default&#8221; global_colors_info=&#8221;{}&#8221;][\/et_pb_image][et_pb_divider _builder_version=&#8221;4.9.9&#8243; _module_preset=&#8221;default&#8221; custom_margin=&#8221;50px||30px||false|false&#8221; global_colors_info=&#8221;{}&#8221;][\/et_pb_divider][et_pb_text _builder_version=&#8221;4.7.7&#8243; _module_preset=&#8221;default&#8221; global_colors_info=&#8221;{}&#8221;]<\/p>\n<h6>March 4, 2021, at 6pm CET (Language: English)<\/h6>\n<h2>Online Questions &amp; Answers Session |<strong> From Deserts to Shores: Engaged Archaeologies of Forced Migrations \u2013 An American-European Dialogue on Hostile Terrains<\/strong><\/h2>\n<p><strong>With Prof. Jason de Le\u00f3n, Austin E. Shipman, Nicole Smith &amp; Gabriel Canter (University of California\/ The Undocumented Migration Project) &amp; Prof. Yannis Hamilakis, Ay\u015fe \u015eanl\u0131 &amp;\u00a0Darcy Hackley (Brown University)<\/strong><\/p>\n<p><strong>Moderation: HT94FFM-Team<\/strong><\/p>\n<p>From the US-Mexican border that divides the Sonora desert into the State of Sonora and Arizona to the Aegean waters of the European coastal borders, border regimes have turned landscapes into hostile and lethal terrains. From deserts to shores, these geopolitical conditions cause staggering fatalities and force people to become stuck in miserable conditions at the borders, border detention, and illegality. Jason de Le\u00f3n with the <em>Undocumented Migration Project<\/em> team and Yannis Hamilakis have researched the people, infrastructures, and assemblages of borders and clandestine border crossing using archaeological and ethnographic approaches. The materials collected not only served as a basis to document and understand structural violence, quotidian conditions, and capabilities to act. Things are also used in interventionist displays to raise awareness about the victims and the humanitarian crisis at the borders, as the global pop-up exhibition, <span><a href=\"https:\/\/www.undocumentedmigrationproject.org\/hostileterrain94\/\" target=\"_blank\" rel=\"noopener noreferrer\"><em>Hostile Terrain 94<\/em><\/a><\/span> and the <span><a href=\"https:\/\/blogs.brown.edu\/transientmatter\/\" target=\"_blank\" rel=\"noopener noreferrer\"><em>Transient Matter<\/em><\/a><\/span> (onsite\/online Haffenreffer Museum) display impressively make present.<\/p>\n<p>This questions &amp; answers session is meant to establish a US-EU dialogue on current border developments, the capabilities, issues, and constraints of researching borderscapes and forced migrations by material culture approaches and beyond.<\/p>\n<p>[\/et_pb_text][et_pb_video src=&#8221;\/wp-content\/uploads\/videos\/ht94-2021-03-04.mp4&#8243; image_src=&#8221;\/wp-content\/uploads\/videos\/ht94-2021-03-04.jpg&#8221; _builder_version=&#8221;4.9.9&#8243; _module_preset=&#8221;default&#8221; global_colors_info=&#8221;{}&#8221;][\/et_pb_video][et_pb_text _builder_version=&#8221;4.9.9&#8243; _module_preset=&#8221;default&#8221; global_colors_info=&#8221;{}&#8221;]<\/p>\n<p>Youtube-Link: <a href=\"https:\/\/youtu.be\/ax43PchfGk0\" target=\"_blank\" rel=\"noopener\">youtu.be\/ax43PchfGk0<\/a><\/p>\n<p>[\/et_pb_text][et_pb_divider _builder_version=&#8221;4.9.9&#8243; _module_preset=&#8221;default&#8221; custom_margin=&#8221;50px||30px||false|false&#8221; global_colors_info=&#8221;{}&#8221;][\/et_pb_divider][et_pb_text _builder_version=&#8221;4.7.7&#8243; _module_preset=&#8221;default&#8221; global_colors_info=&#8221;{}&#8221;]<\/p>\n<h2>Registration<\/h2>\n<p><strong>Please notify us ahead via <\/strong><span><a href=\"mailto:sign-up_ht94ffm@posteo.de\"><strong>sign-up_ht94ffm@posteo.de<\/strong><\/a><\/span><strong>; we will then send you the access data of the respective event.<\/strong><\/p>\n<p>[\/et_pb_text][\/et_pb_column][\/et_pb_row][\/et_pb_section]<\/p>\n","protected":false},"excerpt":{"rendered":"<p>Events &nbsp;Saturday, Septmber 11, 2021, 3pm \u2013 7pm CET, Klapperfeld Exhibition opening Press release on the exhibition opening as PDF. (Language: German)Friday, Septmber 10, 2021, 6pm CET (Language: English) Afghanistan after the Collapse: Forced Migration, Borders &amp; Transnational Solidarity With Cavidan Soykan (University of Osnabr\u00fcck) and Abdul Ghafoor (Afghanistan Migrants Advice and Support Organization) Moderation: [&hellip;]<\/p>\n","protected":false},"author":1,"featured_media":0,"parent":0,"menu_order":0,"comment_status":"closed","ping_status":"closed","template":"","meta":{"_et_pb_use_builder":"on","_et_pb_old_content":"","_et_gb_content_width":"","footnotes":""},"class_list":["post-167","page","type-page","status-publish","hentry"],"_links":{"self":[{"href":"https:\/\/hostileterrain94.klapperfeld.de\/en\/wp-json\/wp\/v2\/pages\/167","targetHints":{"allow":["GET"]}}],"collection":[{"href":"https:\/\/hostileterrain94.klapperfeld.de\/en\/wp-json\/wp\/v2\/pages"}],"about":[{"href":"https:\/\/hostileterrain94.klapperfeld.de\/en\/wp-json\/wp\/v2\/types\/page"}],"author":[{"embeddable":true,"href":"https:\/\/hostileterrain94.klapperfeld.de\/en\/wp-json\/wp\/v2\/users\/1"}],"replies":[{"embeddable":true,"href":"https:\/\/hostileterrain94.klapperfeld.de\/en\/wp-json\/wp\/v2\/comments?post=167"}],"version-history":[{"count":9,"href":"https:\/\/hostileterrain94.klapperfeld.de\/en\/wp-json\/wp\/v2\/pages\/167\/revisions"}],"predecessor-version":[{"id":338,"href":"https:\/\/hostileterrain94.klapperfeld.de\/en\/wp-json\/wp\/v2\/pages\/167\/revisions\/338"}],"wp:attachment":[{"href":"https:\/\/hostileterrain94.klapperfeld.de\/en\/wp-json\/wp\/v2\/media?parent=167"}],"curies":[{"name":"wp","href":"https:\/\/api.w.org\/{rel}","templated":true}]}}